{"id":280,"date":"2021-02-21T08:34:12","date_gmt":"2021-02-21T06:34:12","guid":{"rendered":"https:\/\/pharos-solutions.de\/index.php\/blog\/"},"modified":"2024-12-05T15:47:03","modified_gmt":"2024-12-05T13:47:03","slug":"blog","status":"publish","type":"page","link":"https:\/\/pharos-solutions.de\/de\/blog\/","title":{"rendered":"Blog"},"content":{"rendered":"<div data-elementor-type=\"wp-page\" data-elementor-id=\"280\" class=\"elementor elementor-280\" data-elementor-post-type=\"page\">\n\t\t\t\t\t\t<section class=\"elementor-section elementor-top-section elementor-element elementor-element-b3ed315 elementor-section-boxed elementor-section-height-default elementor-section-height-default\" data-id=\"b3ed315\" data-element_type=\"section\">\n\t\t\t\t\t\t<div class=\"elementor-container elementor-column-gap-no\">\n\t\t\t\t\t<div class=\"aux-parallax-section elementor-column elementor-col-100 elementor-top-column elementor-element elementor-element-9f54102\" data-id=\"9f54102\" data-element_type=\"column\">\n\t\t\t<div class=\"elementor-widget-wrap elementor-element-populated\">\n\t\t\t\t\t\t<div class=\"elementor-element elementor-element-0e7a564 aux-appear-watch-animation aux-fade-in-up elementor-widget elementor-widget-heading\" data-id=\"0e7a564\" data-element_type=\"widget\" data-widget_type=\"heading.default\">\n\t\t\t\t<div class=\"elementor-widget-container\">\n\t\t\t<h2 class=\"elementor-heading-title elementor-size-default\">Our Blog<\/h2>\t\t<\/div>\n\t\t\t\t<\/div>\n\t\t\t\t<div class=\"elementor-element elementor-element-243c1f6 aux-appear-watch-animation aux-slide-from-top elementor-widget elementor-widget-aux_modern_heading\" data-id=\"243c1f6\" data-element_type=\"widget\" data-widget_type=\"aux_modern_heading.default\">\n\t\t\t\t<div class=\"elementor-widget-container\">\n\t\t\t<section class=\"aux-widget-modern-heading\">\n            <div class=\"aux-widget-inner\"><h3 class=\"aux-modern-heading-primary\">Unlocking the Potential of Software development: Insights and Innovations by Pharos Solutions<\/h3><\/div>\n        <\/section>\t\t<\/div>\n\t\t\t\t<\/div>\n\t\t\t\t\t<\/div>\n\t\t<\/div>\n\t\t\t\t\t<\/div>\n\t\t<\/section>\n\t\t\t\t<section class=\"elementor-section elementor-top-section elementor-element elementor-element-7848c4a elementor-section-boxed elementor-section-height-default elementor-section-height-default\" data-id=\"7848c4a\" data-element_type=\"section\">\n\t\t\t\t\t\t<div class=\"elementor-container elementor-column-gap-no\">\n\t\t\t\t\t<div class=\"aux-parallax-section elementor-column elementor-col-100 elementor-top-column elementor-element elementor-element-b79adb0\" data-id=\"b79adb0\" data-element_type=\"column\">\n\t\t\t<div class=\"elementor-widget-wrap elementor-element-populated\">\n\t\t\t\t\t\t<div class=\"elementor-element elementor-element-22de506 elementor-grid-3 elementor-grid-tablet-2 elementor-grid-mobile-1 elementor-posts--thumbnail-top elementor-posts__hover-gradient elementor-widget elementor-widget-posts\" data-id=\"22de506\" data-element_type=\"widget\" data-settings=\"{&quot;pagination_type&quot;:&quot;numbers&quot;,&quot;cards_columns&quot;:&quot;3&quot;,&quot;cards_columns_tablet&quot;:&quot;2&quot;,&quot;cards_columns_mobile&quot;:&quot;1&quot;,&quot;cards_row_gap&quot;:{&quot;unit&quot;:&quot;px&quot;,&quot;size&quot;:35,&quot;sizes&quot;:[]},&quot;cards_row_gap_tablet&quot;:{&quot;unit&quot;:&quot;px&quot;,&quot;size&quot;:&quot;&quot;,&quot;sizes&quot;:[]},&quot;cards_row_gap_mobile&quot;:{&quot;unit&quot;:&quot;px&quot;,&quot;size&quot;:&quot;&quot;,&quot;sizes&quot;:[]}}\" data-widget_type=\"posts.cards\">\n\t\t\t\t<div class=\"elementor-widget-container\">\n\t\t\t\t\t<div class=\"elementor-posts-container elementor-posts elementor-posts--skin-cards elementor-grid\">\n\t\t\t\t<article class=\"elementor-post elementor-grid-item post-10158 post type-post status-publish format-standard has-post-thumbnail hentry category-application-development category-it-outsourcing tag-application-development tag-mvp tag-mvp-development tag-prd tag-product-requirements-document tag-startups\">\n\t\t\t<div class=\"elementor-post__card\">\n\t\t\t\t<a class=\"elementor-post__thumbnail__link\" href=\"https:\/\/pharos-solutions.de\/de\/blog\/product-requirements-document-guide\/\" tabindex=\"-1\" ><div class=\"elementor-post__thumbnail\"><img loading=\"lazy\" decoding=\"async\" width=\"1024\" height=\"630\" src=\"https:\/\/pharos-solutions.de\/wp-content\/uploads\/2026\/01\/Writing-a-Product-Requirements-Document-1024x630.png\" class=\"attachment-large size-large wp-image-10174\" alt=\"Writing a Product Requirements Document\" \/><\/div><\/a>\n\t\t\t\t<div class=\"elementor-post__badge\">App-Entwicklung<\/div>\n\t\t\t\t<div class=\"elementor-post__text\">\n\t\t\t\t<h3 class=\"elementor-post__title\">\n\t\t\t<a href=\"https:\/\/pharos-solutions.de\/de\/blog\/product-requirements-document-guide\/\" >\n\t\t\t\tWhy You Need a Product Requirements Document (PRD) Before Building Anything\t\t\t<\/a>\n\t\t<\/h3>\n\t\t\t\t<div class=\"elementor-post__excerpt\">\n\t\t\t<p>Learn how to write an effective Product Requirements Document (PRD). Step-by-step guide with components, best practices, and startup-focused insights.<\/p>\t\t<\/div>\n\t\t\t\t\t<div class=\"elementor-post__read-more-wrapper\">\n\t\t\n\t\t<a class=\"elementor-post__read-more\" href=\"https:\/\/pharos-solutions.de\/de\/blog\/product-requirements-document-guide\/\" aria-label=\"Read more about Why You Need a Product Requirements Document (PRD) Before Building Anything\" tabindex=\"-1\" >\n\t\t\tRead More \u00bb\t\t<\/a>\n\n\t\t\t\t\t<\/div>\n\t\t\t\t<\/div>\n\t\t\t\t\t<\/div>\n\t\t<\/article>\n\t\t\t\t<article class=\"elementor-post elementor-grid-item post-10075 post type-post status-publish format-standard has-post-thumbnail hentry category-application-development category-nearshoring tag-application-development tag-mvp tag-mvp-development tag-nearshoring tag-staff-augmentation\">\n\t\t\t<div class=\"elementor-post__card\">\n\t\t\t\t<a class=\"elementor-post__thumbnail__link\" href=\"https:\/\/pharos-solutions.de\/de\/blog\/saas-application-development-in-the-gcc\/\" tabindex=\"-1\" ><div class=\"elementor-post__thumbnail\"><img loading=\"lazy\" decoding=\"async\" width=\"1024\" height=\"630\" src=\"https:\/\/pharos-solutions.de\/wp-content\/uploads\/2026\/01\/SaaS-application-development-in-the-GCC-1024x630.png\" class=\"attachment-large size-large wp-image-10153\" alt=\"SaaS application development in the GCC\" \/><\/div><\/a>\n\t\t\t\t<div class=\"elementor-post__badge\">App-Entwicklung<\/div>\n\t\t\t\t<div class=\"elementor-post__text\">\n\t\t\t\t<h3 class=\"elementor-post__title\">\n\t\t\t<a href=\"https:\/\/pharos-solutions.de\/de\/blog\/saas-application-development-in-the-gcc\/\" >\n\t\t\t\tBuilding SaaS Applications for the GCC: Development, MVP Strategy, and Scaling Challenges\t\t\t<\/a>\n\t\t<\/h3>\n\t\t\t\t<div class=\"elementor-post__excerpt\">\n\t\t\t<p>A practical guide to SaaS application development in the GCC, covering MVP scope, scalability, localization, compliance, and team structure.<\/p>\t\t<\/div>\n\t\t\t\t\t<div class=\"elementor-post__read-more-wrapper\">\n\t\t\n\t\t<a class=\"elementor-post__read-more\" href=\"https:\/\/pharos-solutions.de\/de\/blog\/saas-application-development-in-the-gcc\/\" aria-label=\"Read more about Building SaaS Applications for the GCC: Development, MVP Strategy, and Scaling Challenges\" tabindex=\"-1\" >\n\t\t\tRead More \u00bb\t\t<\/a>\n\n\t\t\t\t\t<\/div>\n\t\t\t\t<\/div>\n\t\t\t\t\t<\/div>\n\t\t<\/article>\n\t\t\t\t<article class=\"elementor-post elementor-grid-item post-10035 post type-post status-publish format-standard has-post-thumbnail hentry category-business category-it-outsourcing category-outstaffing-remote-teams category-staff-augmentation tag-blog tag-outstaffing tag-remote-teams tag-staff-augmentation\">\n\t\t\t<div class=\"elementor-post__card\">\n\t\t\t\t<a class=\"elementor-post__thumbnail__link\" href=\"https:\/\/pharos-solutions.de\/de\/blog\/scaling-tech-companies-in-saudi-arabia-with-nearshore-teams\/\" tabindex=\"-1\" ><div class=\"elementor-post__thumbnail\"><img loading=\"lazy\" decoding=\"async\" width=\"1024\" height=\"630\" src=\"https:\/\/pharos-solutions.de\/wp-content\/uploads\/2025\/12\/Saudi-Tech-Team-Meeting-1024x630.jpg\" class=\"attachment-large size-large wp-image-10038\" alt=\"Saudi Tech Team Meeting\" \/><\/div><\/a>\n\t\t\t\t<div class=\"elementor-post__badge\">Business<\/div>\n\t\t\t\t<div class=\"elementor-post__text\">\n\t\t\t\t<h3 class=\"elementor-post__title\">\n\t\t\t<a href=\"https:\/\/pharos-solutions.de\/de\/blog\/scaling-tech-companies-in-saudi-arabia-with-nearshore-teams\/\" >\n\t\t\t\tScaling Tech Companies in Saudi Arabia with Nearshore Teams\t\t\t<\/a>\n\t\t<\/h3>\n\t\t\t\t<div class=\"elementor-post__excerpt\">\n\t\t\t<p>Saudi tech companies face talent shortages and long hiring cycles. Learn how nearshore engineering teams help scale faster without inflating costs.<\/p>\t\t<\/div>\n\t\t\t\t\t<div class=\"elementor-post__read-more-wrapper\">\n\t\t\n\t\t<a class=\"elementor-post__read-more\" href=\"https:\/\/pharos-solutions.de\/de\/blog\/scaling-tech-companies-in-saudi-arabia-with-nearshore-teams\/\" aria-label=\"Read more about Scaling Tech Companies in Saudi Arabia with Nearshore Teams\" tabindex=\"-1\" >\n\t\t\tRead More \u00bb\t\t<\/a>\n\n\t\t\t\t\t<\/div>\n\t\t\t\t<\/div>\n\t\t\t\t\t<\/div>\n\t\t<\/article>\n\t\t\t\t<article class=\"elementor-post elementor-grid-item post-9965 post type-post status-publish format-standard has-post-thumbnail hentry category-it-outsourcing category-outstaffing-remote-teams category-staff-augmentation tag-blog tag-it-outsourcing tag-it-outsourcing-company tag-outstaffing tag-remote-teams tag-staff-augmentation\">\n\t\t\t<div class=\"elementor-post__card\">\n\t\t\t\t<a class=\"elementor-post__thumbnail__link\" href=\"https:\/\/pharos-solutions.de\/de\/blog\/how-nearshore-staff-augmentation-helps-you-scale\/\" tabindex=\"-1\" ><div class=\"elementor-post__thumbnail\"><img loading=\"lazy\" decoding=\"async\" width=\"1024\" height=\"630\" src=\"https:\/\/pharos-solutions.de\/wp-content\/uploads\/2025\/12\/Remote-Team-Meeting--1024x630.png\" class=\"attachment-large size-large wp-image-9973\" alt=\"Nearshore Staff Augmentation for European Teams\" \/><\/div><\/a>\n\t\t\t\t<div class=\"elementor-post__badge\">IT Outsourcing<\/div>\n\t\t\t\t<div class=\"elementor-post__text\">\n\t\t\t\t<h3 class=\"elementor-post__title\">\n\t\t\t<a href=\"https:\/\/pharos-solutions.de\/de\/blog\/how-nearshore-staff-augmentation-helps-you-scale\/\" >\n\t\t\t\tHow Nearshore Staff Augmentation Helps You Scale Faster Without Losing Control\t\t\t<\/a>\n\t\t<\/h3>\n\t\t\t\t<div class=\"elementor-post__excerpt\">\n\t\t\t<p>Learn how nearshore staff augmentation helps European tech leaders overcome talent shortages, rising salaries, and fierce competition to speed up hiring, and scale engineering capacity with aligned teams while maintaining quality and control.<\/p>\t\t<\/div>\n\t\t\t\t\t<div class=\"elementor-post__read-more-wrapper\">\n\t\t\n\t\t<a class=\"elementor-post__read-more\" href=\"https:\/\/pharos-solutions.de\/de\/blog\/how-nearshore-staff-augmentation-helps-you-scale\/\" aria-label=\"Read more about How Nearshore Staff Augmentation Helps You Scale Faster Without Losing Control\" tabindex=\"-1\" >\n\t\t\tRead More \u00bb\t\t<\/a>\n\n\t\t\t\t\t<\/div>\n\t\t\t\t<\/div>\n\t\t\t\t\t<\/div>\n\t\t<\/article>\n\t\t\t\t<article class=\"elementor-post elementor-grid-item post-9951 post type-post status-publish format-standard has-post-thumbnail hentry category-business category-it-outsourcing category-outstaffing-remote-teams tag-blog tag-outstaffing tag-remote-teams\">\n\t\t\t<div class=\"elementor-post__card\">\n\t\t\t\t<a class=\"elementor-post__thumbnail__link\" href=\"https:\/\/pharos-solutions.de\/de\/blog\/outstaffing-vs-outsourcing-scale-software-teams-fast\/\" tabindex=\"-1\" ><div class=\"elementor-post__thumbnail\"><img loading=\"lazy\" decoding=\"async\" width=\"1024\" height=\"696\" src=\"https:\/\/pharos-solutions.de\/wp-content\/uploads\/2025\/10\/Outstaffing-VS-Outsourcing.png\" class=\"attachment-large size-large wp-image-9958\" alt=\"Illustration showing how outstaffing bridges control and speed in software development, with two floating platforms representing project management control and delivery speed connected by a glowing \u2018Outstaffing\u2019 bridge\" srcset=\"https:\/\/pharos-solutions.de\/wp-content\/uploads\/2025\/10\/Outstaffing-VS-Outsourcing.png 1024w, https:\/\/pharos-solutions.de\/wp-content\/uploads\/2025\/10\/Outstaffing-VS-Outsourcing-18x12.png 18w\" sizes=\"auto, (max-width: 1024px) 100vw, 1024px\" \/><\/div><\/a>\n\t\t\t\t<div class=\"elementor-post__badge\">Business<\/div>\n\t\t\t\t<div class=\"elementor-post__text\">\n\t\t\t\t<h3 class=\"elementor-post__title\">\n\t\t\t<a href=\"https:\/\/pharos-solutions.de\/de\/blog\/outstaffing-vs-outsourcing-scale-software-teams-fast\/\" >\n\t\t\t\tNot Ready to Outsource Everything? Outstaffing Lets You Keep Control and Move Fast\t\t\t<\/a>\n\t\t<\/h3>\n\t\t\t\t<div class=\"elementor-post__excerpt\">\n\t\t\t<p>You don\u2019t have to choose between control and speed. Discover how outstaffing helps tech leaders scale smarter, keeping visibility, culture, and flexibility all in one model.<\/p>\t\t<\/div>\n\t\t\t\t\t<div class=\"elementor-post__read-more-wrapper\">\n\t\t\n\t\t<a class=\"elementor-post__read-more\" href=\"https:\/\/pharos-solutions.de\/de\/blog\/outstaffing-vs-outsourcing-scale-software-teams-fast\/\" aria-label=\"Read more about Not Ready to Outsource Everything? Outstaffing Lets You Keep Control and Move Fast\" tabindex=\"-1\" >\n\t\t\tRead More \u00bb\t\t<\/a>\n\n\t\t\t\t\t<\/div>\n\t\t\t\t<\/div>\n\t\t\t\t\t<\/div>\n\t\t<\/article>\n\t\t\t\t<article class=\"elementor-post elementor-grid-item post-9620 post type-post status-publish format-standard has-post-thumbnail hentry category-it-outsourcing category-outstaffing-remote-teams tag-blog tag-it-outsourcing tag-it-outsourcing-company tag-remote-team\">\n\t\t\t<div class=\"elementor-post__card\">\n\t\t\t\t<a class=\"elementor-post__thumbnail__link\" href=\"https:\/\/pharos-solutions.de\/de\/blog\/outstaffing-vs-hiring-in-house-for-scaling-startups-in-europe\/\" tabindex=\"-1\" ><div class=\"elementor-post__thumbnail\"><img loading=\"lazy\" decoding=\"async\" width=\"655\" height=\"655\" src=\"https:\/\/pharos-solutions.de\/wp-content\/uploads\/2025\/09\/outstaffing-vs-in-house.png\" class=\"attachment-large size-large wp-image-9637\" alt=\"\" srcset=\"https:\/\/pharos-solutions.de\/wp-content\/uploads\/2025\/09\/outstaffing-vs-in-house.png 655w, https:\/\/pharos-solutions.de\/wp-content\/uploads\/2025\/09\/outstaffing-vs-in-house-300x300.png 300w, https:\/\/pharos-solutions.de\/wp-content\/uploads\/2025\/09\/outstaffing-vs-in-house-150x150.png 150w, https:\/\/pharos-solutions.de\/wp-content\/uploads\/2025\/09\/outstaffing-vs-in-house-12x12.png 12w\" sizes=\"auto, (max-width: 655px) 100vw, 655px\" \/><\/div><\/a>\n\t\t\t\t<div class=\"elementor-post__badge\">IT Outsourcing<\/div>\n\t\t\t\t<div class=\"elementor-post__text\">\n\t\t\t\t<h3 class=\"elementor-post__title\">\n\t\t\t<a href=\"https:\/\/pharos-solutions.de\/de\/blog\/outstaffing-vs-hiring-in-house-for-scaling-startups-in-europe\/\" >\n\t\t\t\tOutstaffing vs. In-House Hiring: How European Startups Can Scale Development Teams Faster &amp; Smarter\t\t\t<\/a>\n\t\t<\/h3>\n\t\t\t\t<div class=\"elementor-post__excerpt\">\n\t\t\t<p>Discover how outstaffing compares to in-house hiring, and why it\u2019s becoming the go-to choice for European startups that need to scale fast, cut costs, and access top tech talent without compromising quality<\/p>\t\t<\/div>\n\t\t\t\t\t<div class=\"elementor-post__read-more-wrapper\">\n\t\t\n\t\t<a class=\"elementor-post__read-more\" href=\"https:\/\/pharos-solutions.de\/de\/blog\/outstaffing-vs-hiring-in-house-for-scaling-startups-in-europe\/\" aria-label=\"Read more about Outstaffing vs. In-House Hiring: How European Startups Can Scale Development Teams Faster &amp; Smarter\" tabindex=\"-1\" >\n\t\t\tRead More \u00bb\t\t<\/a>\n\n\t\t\t\t\t<\/div>\n\t\t\t\t<\/div>\n\t\t\t\t\t<\/div>\n\t\t<\/article>\n\t\t\t\t<\/div>\n\t\t\n\t\t\t\t<div class=\"e-load-more-anchor\" data-page=\"1\" data-max-page=\"6\" data-next-page=\"https:\/\/pharos-solutions.de\/de\/wp-json\/wp\/v2\/pages\/280\/page\/2\/\"><\/div>\n\t\t\t\t<nav class=\"elementor-pagination\" aria-label=\"Paginierung\">\n\t\t\t<span aria-current=\"page\" class=\"page-numbers current\"><span class=\"elementor-screen-only\">Seite<\/span>1<\/span>\n<a class=\"page-numbers\" href=\"https:\/\/pharos-solutions.de\/de\/wp-json\/wp\/v2\/pages\/280\/page\/2\/\"><span class=\"elementor-screen-only\">Seite<\/span>2<\/a>\n<a class=\"page-numbers\" href=\"https:\/\/pharos-solutions.de\/de\/wp-json\/wp\/v2\/pages\/280\/page\/3\/\"><span class=\"elementor-screen-only\">Seite<\/span>3<\/a>\n<a class=\"page-numbers\" href=\"https:\/\/pharos-solutions.de\/de\/wp-json\/wp\/v2\/pages\/280\/page\/4\/\"><span class=\"elementor-screen-only\">Seite<\/span>4<\/a>\n<a class=\"page-numbers\" href=\"https:\/\/pharos-solutions.de\/de\/wp-json\/wp\/v2\/pages\/280\/page\/5\/\"><span class=\"elementor-screen-only\">Seite<\/span>5<\/a>\t\t<\/nav>\n\t\t\t\t<\/div>\n\t\t\t\t<\/div>\n\t\t\t\t\t<\/div>\n\t\t<\/div>\n\t\t\t\t\t<\/div>\n\t\t<\/section>\n\t\t\t\t<section class=\"elementor-section elementor-top-section elementor-element elementor-element-8a9f4ed elementor-section-full_width elementor-section-height-default elementor-section-height-default\" data-id=\"8a9f4ed\" data-element_type=\"section\" data-settings=\"{&quot;background_background&quot;:&quot;gradient&quot;}\">\n\t\t\t\t\t\t<div class=\"elementor-container elementor-column-gap-no\">\n\t\t\t\t\t<div class=\"aux-parallax-section elementor-column elementor-col-100 elementor-top-column elementor-element elementor-element-fa89fd2\" data-id=\"fa89fd2\" data-element_type=\"column\">\n\t\t\t<div class=\"elementor-widget-wrap elementor-element-populated\">\n\t\t\t\t\t\t<section class=\"elementor-section elementor-inner-section elementor-element elementor-element-91c283c elementor-section-content-middle elementor-section-full_width elementor-section-height-default elementor-section-height-default\" data-id=\"91c283c\" data-element_type=\"section\">\n\t\t\t\t\t\t<div class=\"elementor-container elementor-column-gap-no\">\n\t\t\t\t\t<div class=\"aux-parallax-section elementor-column elementor-col-50 elementor-inner-column elementor-element elementor-element-bee633a elementor-invisible\" data-id=\"bee633a\" data-element_type=\"column\" data-settings=\"{&quot;animation&quot;:&quot;fadeInLeft&quot;,&quot;background_background&quot;:&quot;classic&quot;}\">\n\t\t\t<div class=\"elementor-widget-wrap elementor-element-populated\">\n\t\t\t\t\t\t<div class=\"elementor-element elementor-element-3a88a42 aux-appear-watch-animation aux-slide-from-top elementor-widget__width-initial elementor-widget elementor-widget-aux_modern_heading\" data-id=\"3a88a42\" data-element_type=\"widget\" data-widget_type=\"aux_modern_heading.default\">\n\t\t\t\t<div class=\"elementor-widget-container\">\n\t\t\t<section class=\"aux-widget-modern-heading\">\n            <div class=\"aux-widget-inner\"><h2 class=\"aux-modern-heading-primary\">Was k\u00f6nnen wir f\u00fcr Sie tun?<\/h2><\/div>\n        <\/section>\t\t<\/div>\n\t\t\t\t<\/div>\n\t\t\t\t\t<\/div>\n\t\t<\/div>\n\t\t\t\t<div class=\"aux-parallax-section elementor-column elementor-col-50 elementor-inner-column elementor-element elementor-element-beae547 elementor-invisible\" data-id=\"beae547\" data-element_type=\"column\" data-settings=\"{&quot;background_background&quot;:&quot;classic&quot;,&quot;animation&quot;:&quot;fadeInRight&quot;}\">\n\t\t\t<div class=\"elementor-widget-wrap elementor-element-populated\">\n\t\t\t\t\t\t<div class=\"elementor-element elementor-element-ae1aa25 aux-appear-watch-animation aux-slide-from-top elementor-widget elementor-widget-aux_modern_heading\" data-id=\"ae1aa25\" data-element_type=\"widget\" data-widget_type=\"aux_modern_heading.default\">\n\t\t\t\t<div class=\"elementor-widget-container\">\n\t\t\t<section class=\"aux-widget-modern-heading\">\n            <div class=\"aux-widget-inner\"><h2 class=\"aux-modern-heading-primary\">F\u00fcr welches digitale Problem ben\u00f6tigen Sie unsere Unterst\u00fctzung?<\/h2><\/div>\n        <\/section>\t\t<\/div>\n\t\t\t\t<\/div>\n\t\t\t\t<div class=\"elementor-element elementor-element-e0eb2fe elementor-widget elementor-widget-template\" data-id=\"e0eb2fe\" data-element_type=\"widget\" data-widget_type=\"template.default\">\n\t\t\t\t<div class=\"elementor-widget-container\">\n\t\t\t\t\t<div class=\"elementor-template\">\n\t\t\t\t\t<div data-elementor-type=\"section\" data-elementor-id=\"2741\" class=\"elementor elementor-2741\" data-elementor-post-type=\"elementor_library\">\n\t\t\t\t\t<section class=\"elementor-section elementor-top-section elementor-element elementor-element-2b44862 elementor-section-full_width elementor-section-height-default elementor-section-height-default\" data-id=\"2b44862\" data-element_type=\"section\">\n\t\t\t\t\t\t<div class=\"elementor-container elementor-column-gap-default\">\n\t\t\t\t\t<div class=\"aux-parallax-section elementor-column elementor-col-100 elementor-top-column elementor-element elementor-element-208cdaf\" data-id=\"208cdaf\" data-element_type=\"column\">\n\t\t\t<div class=\"elementor-widget-wrap elementor-element-populated\">\n\t\t\t\t\t\t<div class=\"elementor-element elementor-element-36cbf90 elementor-widget elementor-widget-aux_contact_form\" data-id=\"36cbf90\" data-element_type=\"widget\" data-widget_type=\"aux_contact_form.default\">\n\t\t\t\t<div class=\"elementor-widget-container\">\n\t\t\t<section class=\"widget-container aux-widget-contact-form aux-parent-au6c43a377\">            <div class=\"aux-col-wrapper aux-no-gutter\">\n            <!-- @TODO - The output for element here -->\n\n            \n<div class=\"wpcf7 no-js\" id=\"wpcf7-f2488-o1\" lang=\"en-US\" dir=\"ltr\" data-wpcf7-id=\"2488\">\n<div class=\"screen-reader-response\"><p role=\"status\" aria-live=\"polite\" aria-atomic=\"true\"><\/p> <ul><\/ul><\/div>\n<form action=\"\/de\/wp-json\/wp\/v2\/pages\/280#wpcf7-f2488-o1\" method=\"post\" class=\"wpcf7-form init\" aria-label=\"Contact form\" novalidate=\"novalidate\" data-status=\"init\" data-trp-original-action=\"\/de\/wp-json\/wp\/v2\/pages\/280#wpcf7-f2488-o1\">\n<fieldset class=\"hidden-fields-container\"><input type=\"hidden\" name=\"_wpcf7\" value=\"2488\" \/><input type=\"hidden\" name=\"_wpcf7_version\" value=\"6.1.5\" \/><input type=\"hidden\" name=\"_wpcf7_locale\" value=\"en_US\" \/><input type=\"hidden\" name=\"_wpcf7_unit_tag\" value=\"wpcf7-f2488-o1\" \/><input type=\"hidden\" name=\"_wpcf7_container_post\" value=\"0\" \/><input type=\"hidden\" name=\"_wpcf7_posted_data_hash\" value=\"\" \/><input type=\"hidden\" name=\"_wpcf7_recaptcha_response\" value=\"\" \/>\n<\/fieldset>\n<div class=\"content-column one_third\">\n\t<div style=\"margin-right:15px;\">\n\t\t<p><label> Name<br \/>\n<span class=\"wpcf7-form-control-wrap\" data-name=\"your-name\"><input size=\"40\" maxlength=\"400\" class=\"wpcf7-form-control wpcf7-text wpcf7-validates-as-required\" aria-required=\"true\" aria-invalid=\"false\" value=\"\" type=\"text\" name=\"your-name\" \/><\/span> <\/label>\n\t\t<\/p>\n\t<\/div>\n<\/div>\n<div class=\"content-column one_third\">\n\t<div style=\"margin-right:15px;\">\n\t\t<p><label> Email Adresse<br \/>\n<span class=\"wpcf7-form-control-wrap\" data-name=\"your-email\"><input size=\"40\" maxlength=\"400\" class=\"wpcf7-form-control wpcf7-email wpcf7-validates-as-required wpcf7-text wpcf7-validates-as-email\" aria-required=\"true\" aria-invalid=\"false\" value=\"\" type=\"email\" name=\"your-email\" \/><\/span> <\/label>\n\t\t<\/p>\n\t<\/div>\n<\/div>\n<div class=\"content-column one_third last_column\">\n\t<p><label> Telefon-Nummer<br \/>\n<span class=\"wpcf7-form-control-wrap\" data-name=\"your-phone\"><input size=\"40\" maxlength=\"140\" minlength=\"10\" class=\"wpcf7-form-control wpcf7-phonetext wpcf7-validates-as-required wpcf7-text wpcf7-validates-as-phonetext\" aria-required=\"true\" aria-invalid=\"false\" value=\"\" type=\"text\" name=\"your-phone\" \/><input type=\"hidden\" name=\"your-phone-country-code\" class=\"wpcf7-phonetext-country-code\" \/><\/span> <\/label>\n\t<\/p>\n<\/div>\n<div class=\"clear_column\">\n<\/div>\n<div class=\"content-column\">\n\t<p><label> Betreff<br \/>\n<span class=\"wpcf7-form-control-wrap\" data-name=\"company-department\"><select class=\"wpcf7-form-control wpcf7-select wpcf7-validates-as-required\" aria-required=\"true\" aria-invalid=\"false\" name=\"company-department\"><option value=\"\">Bitte ausw\u00e4hlen<\/option><option value=\"Project Request\">Projekt-Anfrage<\/option><option value=\"Partnership proposal\">Partnerschaften<\/option><\/select><\/span><br \/>\n<\/label>\n\t<\/p>\n\t<p><label> Ihre Nachricht<br \/>\n<span class=\"wpcf7-form-control-wrap\" data-name=\"your-message\"><textarea cols=\"40\" rows=\"10\" maxlength=\"2000\" class=\"wpcf7-form-control wpcf7-textarea wpcf7-validates-as-required\" aria-required=\"true\" aria-invalid=\"false\" name=\"your-message\"><\/textarea><\/span> <\/label>\n\t<\/p>\n\t<p><input class=\"wpcf7-form-control wpcf7-submit has-spinner\" type=\"submit\" value=\"absenden\" \/>\n\t<\/p>\n<\/div><div class=\"wpcf7-response-output\" aria-hidden=\"true\"><\/div>\n<input type=\"hidden\" name=\"trp-form-language\" value=\"de\"\/><\/form>\n<\/div>\n\n\n            <\/div><!-- aux-col-wrapper -->\n    <\/section><!-- widget-container -->\t\t<\/div>\n\t\t\t\t<\/div>\n\t\t\t\t\t<\/div>\n\t\t<\/div>\n\t\t\t\t\t<\/div>\n\t\t<\/section>\n\t\t\t\t<\/div>\n\t\t\t\t<\/div>\n\t\t\t\t<\/div>\n\t\t\t\t<\/div>\n\t\t\t\t\t<\/div>\n\t\t<\/div>\n\t\t\t\t\t<\/div>\n\t\t<\/section>\n\t\t\t\t\t<\/div>\n\t\t<\/div>\n\t\t\t\t\t<\/div>\n\t\t<\/section>\n\t\t\t\t<\/div>","protected":false},"excerpt":{"rendered":"<p>Our Blog Unlocking the Potential of Software development: Insights and Innovations by Pharos Solutions What can we do for you? Which digital problem do you need our help solving?<\/p>","protected":false},"author":1,"featured_media":0,"parent":0,"menu_order":0,"comment_status":"closed","ping_status":"closed","template":"templates\/page-builder-content.php","meta":{"_acf_changed":false,"content-type":"","_monsterinsights_skip_tracking":false,"_monsterinsights_sitenote_active":false,"_monsterinsights_sitenote_note":"","_monsterinsights_sitenote_category":0,"footnotes":""},"class_list":["post-280","page","type-page","status-publish","hentry"],"acf":[],"aioseo_notices":[],"_links":{"self":[{"href":"https:\/\/pharos-solutions.de\/de\/wp-json\/wp\/v2\/pages\/280","targetHints":{"allow":["GET"]}}],"collection":[{"href":"https:\/\/pharos-solutions.de\/de\/wp-json\/wp\/v2\/pages"}],"about":[{"href":"https:\/\/pharos-solutions.de\/de\/wp-json\/wp\/v2\/types\/page"}],"author":[{"embeddable":true,"href":"https:\/\/pharos-solutions.de\/de\/wp-json\/wp\/v2\/users\/1"}],"replies":[{"embeddable":true,"href":"https:\/\/pharos-solutions.de\/de\/wp-json\/wp\/v2\/comments?post=280"}],"version-history":[{"count":105,"href":"https:\/\/pharos-solutions.de\/de\/wp-json\/wp\/v2\/pages\/280\/revisions"}],"predecessor-version":[{"id":8237,"href":"https:\/\/pharos-solutions.de\/de\/wp-json\/wp\/v2\/pages\/280\/revisions\/8237"}],"wp:attachment":[{"href":"https:\/\/pharos-solutions.de\/de\/wp-json\/wp\/v2\/media?parent=280"}],"curies":[{"name":"wp","href":"https:\/\/api.w.org\/{rel}","templated":true}]}}