{"id":2738,"date":"2023-02-08T13:33:58","date_gmt":"2023-02-08T11:33:58","guid":{"rendered":"https:\/\/pharos-solutions.de\/?page_id=2738"},"modified":"2024-11-19T22:37:51","modified_gmt":"2024-11-19T20:37:51","slug":"legal-notice","status":"publish","type":"page","link":"https:\/\/pharos-solutions.de\/de\/legal-notice\/","title":{"rendered":"Impressum"},"content":{"rendered":"<div data-elementor-type=\"wp-page\" data-elementor-id=\"2738\" class=\"elementor elementor-2738\" data-elementor-post-type=\"page\">\n\t\t\t\t\t\t<section class=\"elementor-section elementor-top-section elementor-element elementor-element-2043362 elementor-section-full_width elementor-section-height-default elementor-section-height-default\" data-id=\"2043362\" data-element_type=\"section\">\n\t\t\t\t\t\t<div class=\"elementor-container elementor-column-gap-no\">\n\t\t\t\t\t<div class=\"aux-parallax-section elementor-column elementor-col-100 elementor-top-column elementor-element elementor-element-045daf4\" data-id=\"045daf4\" data-element_type=\"column\">\n\t\t\t<div class=\"elementor-widget-wrap elementor-element-populated\">\n\t\t\t\t\t\t<div class=\"elementor-element elementor-element-33fd742 aux-appear-watch-animation aux-fade-in-down elementor-widget elementor-widget-heading\" data-id=\"33fd742\" data-element_type=\"widget\" data-widget_type=\"heading.default\">\n\t\t\t\t<div class=\"elementor-widget-container\">\n\t\t\t<h1 class=\"elementor-heading-title elementor-size-default\">Pharos Solutions GmbH<\/h1>\t\t<\/div>\n\t\t\t\t<\/div>\n\t\t\t\t<div class=\"elementor-element elementor-element-c88eb5f aux-appear-watch-animation aux-slide-from-bot elementor-widget elementor-widget-heading\" data-id=\"c88eb5f\" data-element_type=\"widget\" data-widget_type=\"heading.default\">\n\t\t\t\t<div class=\"elementor-widget-container\">\n\t\t\t<h2 class=\"elementor-heading-title elementor-size-default\">Impressum\n<\/h2>\t\t<\/div>\n\t\t\t\t<\/div>\n\t\t\t\t\t<\/div>\n\t\t<\/div>\n\t\t\t\t\t<\/div>\n\t\t<\/section>\n\t\t\t\t<section class=\"elementor-section elementor-top-section elementor-element elementor-element-0c387f8 elementor-section-boxed elementor-section-height-default elementor-section-height-default\" data-id=\"0c387f8\" data-element_type=\"section\">\n\t\t\t\t\t\t<div class=\"elementor-container elementor-column-gap-default\">\n\t\t\t\t\t<div class=\"aux-parallax-section elementor-column elementor-col-100 elementor-top-column elementor-element elementor-element-85dbd9c\" data-id=\"85dbd9c\" data-element_type=\"column\">\n\t\t\t<div class=\"elementor-widget-wrap elementor-element-populated\">\n\t\t\t\t\t\t<div class=\"elementor-element elementor-element-678481a aux-appear-watch-animation aux-slide-from-top elementor-widget__width-auto elementor-widget elementor-widget-aux_modern_heading\" data-id=\"678481a\" data-element_type=\"widget\" data-widget_type=\"aux_modern_heading.default\">\n\t\t\t\t<div class=\"elementor-widget-container\">\n\t\t\t<section class=\"aux-widget-modern-heading\">\n            <div class=\"aux-widget-inner\"><h2 class=\"aux-modern-heading-primary\"><\/h2><div class=\"aux-modern-heading-description\"><p>Auf dem Graben 21<br \/>71111 Waldenbuch<\/p><\/div><\/div>\n        <\/section>\t\t<\/div>\n\t\t\t\t<\/div>\n\t\t\t\t<div class=\"elementor-element elementor-element-788b9e7 aux-appear-watch-animation aux-slide-from-top elementor-widget__width-auto elementor-widget elementor-widget-aux_modern_heading\" data-id=\"788b9e7\" data-element_type=\"widget\" data-widget_type=\"aux_modern_heading.default\">\n\t\t\t\t<div class=\"elementor-widget-container\">\n\t\t\t<section class=\"aux-widget-modern-heading\">\n            <div class=\"aux-widget-inner\"><h2 class=\"aux-modern-heading-primary\"><\/h2><div class=\"aux-modern-heading-description\"><p>Phone: +49 711 219 526 35<br \/>Email: info@pharos-solutions.de<\/p><\/div><\/div>\n        <\/section>\t\t<\/div>\n\t\t\t\t<\/div>\n\t\t\t\t<div class=\"elementor-element elementor-element-7f42f0e aux-appear-watch-animation aux-slide-from-top elementor-widget__width-auto elementor-widget elementor-widget-aux_modern_heading\" data-id=\"7f42f0e\" data-element_type=\"widget\" data-widget_type=\"aux_modern_heading.default\">\n\t\t\t\t<div class=\"elementor-widget-container\">\n\t\t\t<section class=\"aux-widget-modern-heading\">\n            <div class=\"aux-widget-inner\"><h2 class=\"aux-modern-heading-primary\"><\/h2><div class=\"aux-modern-heading-description\"><p class=\"font__family-open-sans font__size-16 line__height-26 font__weight-normal text-left text-lg-left mb-10\">Registernumber: HRB764150 (Amtsgericht Stuttgart)<br \/>USt-Id Nr.: DE278839627<\/p><\/div><\/div>\n        <\/section>\t\t<\/div>\n\t\t\t\t<\/div>\n\t\t\t\t<div class=\"elementor-element elementor-element-0a97603 aux-appear-watch-animation aux-slide-from-top elementor-widget__width-auto elementor-widget elementor-widget-aux_modern_heading\" data-id=\"0a97603\" data-element_type=\"widget\" data-widget_type=\"aux_modern_heading.default\">\n\t\t\t\t<div class=\"elementor-widget-container\">\n\t\t\t<section class=\"aux-widget-modern-heading\">\n            <div class=\"aux-widget-inner\"><h2 class=\"aux-modern-heading-primary\"><\/h2><div class=\"aux-modern-heading-description\"><p class=\"font__family-open-sans font__size-16 line__height-26 font__weight-normal text-left text-lg-left mb-10\">CEO: Dipl.rer.pol.techn.<br \/>Katrin Gaedke-Weberru\u00df<\/p><\/div><\/div>\n        <\/section>\t\t<\/div>\n\t\t\t\t<\/div>\n\t\t\t\t\t<\/div>\n\t\t<\/div>\n\t\t\t\t\t<\/div>\n\t\t<\/section>\n\t\t\t\t<section class=\"elementor-section elementor-top-section elementor-element elementor-element-2daf101 elementor-section-boxed elementor-section-height-default elementor-section-height-default\" data-id=\"2daf101\" data-element_type=\"section\">\n\t\t\t\t\t\t<div class=\"elementor-container elementor-column-gap-default\">\n\t\t\t\t\t<div class=\"aux-parallax-section elementor-column elementor-col-100 elementor-top-column elementor-element elementor-element-efb08e0\" data-id=\"efb08e0\" data-element_type=\"column\">\n\t\t\t<div class=\"elementor-widget-wrap elementor-element-populated\">\n\t\t\t\t\t\t<div class=\"elementor-element elementor-element-82bb2fc aux-appear-watch-animation aux-slide-from-top elementor-widget elementor-widget-aux_modern_heading\" data-id=\"82bb2fc\" data-element_type=\"widget\" data-widget_type=\"aux_modern_heading.default\">\n\t\t\t\t<div class=\"elementor-widget-container\">\n\t\t\t<section class=\"aux-widget-modern-heading\">\n            <div class=\"aux-widget-inner\"><h2 class=\"aux-modern-heading-primary\">Haftung f\u00fcr Verweise und Links<\/h2><div class=\"aux-modern-heading-description\"><p>Bei Verweisen oder Verlinken auf fremde Websiten wird keine Gew\u00e4hr f\u00fcr die Richtigkeit verlinkter Seiten \u00fcbernommen, den Inhalt dieser Seiten machen wir uns in keinem Fall zu eigen. Pharos Solutions erkl\u00e4rt hiermit ausdr\u00fccklich, dass zum Zeitpunkt der Linksetzung keine illegalen Inhalte auf den zu verlinkenden Seiten erkennbar waren.<\/p><\/div><\/div>\n        <\/section>\t\t<\/div>\n\t\t\t\t<\/div>\n\t\t\t\t\t<\/div>\n\t\t<\/div>\n\t\t\t\t\t<\/div>\n\t\t<\/section>\n\t\t\t\t<section class=\"elementor-section elementor-top-section elementor-element elementor-element-8172b6e elementor-section-boxed elementor-section-height-default elementor-section-height-default\" data-id=\"8172b6e\" data-element_type=\"section\">\n\t\t\t\t\t\t<div class=\"elementor-container elementor-column-gap-default\">\n\t\t\t\t\t<div class=\"aux-parallax-section elementor-column elementor-col-100 elementor-top-column elementor-element elementor-element-7b8fa84\" data-id=\"7b8fa84\" data-element_type=\"column\">\n\t\t\t<div class=\"elementor-widget-wrap elementor-element-populated\">\n\t\t\t\t\t\t<div class=\"elementor-element elementor-element-a0c070a aux-appear-watch-animation aux-slide-from-top elementor-widget elementor-widget-aux_modern_heading\" data-id=\"a0c070a\" data-element_type=\"widget\" data-widget_type=\"aux_modern_heading.default\">\n\t\t\t\t<div class=\"elementor-widget-container\">\n\t\t\t<section class=\"aux-widget-modern-heading\">\n            <div class=\"aux-widget-inner\"><h2 class=\"aux-modern-heading-primary\">Urheberrecht<\/h2><div class=\"aux-modern-heading-description\"><p>Die durch die Seitenbetreiber erstellten Inhalte und Werke auf diesen Seiten unterliegen dem deutschen Urheberrecht. Die Vervielf\u00e4ltigung, Bearbeitung, Verbreitung und jede Art der Verwertung au\u00dferhalb der Grenzen des Urheberrechtes bed\u00fcrfen der schriftlichen Zustimmung des jeweiligen Autors bzw. Erstellers.<br \/>Downloads und Kopien dieser Seite sind nur f\u00fcr den privaten, nicht kommerziellen Gebrauch gestattet. Soweit die Inhalte auf dieser Seite nicht vom Betreiber erstellt wurden, werden die Urheberrechte Dritter beachtet. Insbesondere werden Inhalte Dritter als solche gekennzeichnet. Sollten Sie trotzdem auf eine Urheberrechtsverletzung aufmerksam werden, bitten wir um einen entsprechenden Hinweis. Bei Bekanntwerden von Rechtsverletzungen werden wir derartige Inhalte umgehend entfernen. Quelle: http:\/\/www.e-recht24.de<\/p><\/div><\/div>\n        <\/section>\t\t<\/div>\n\t\t\t\t<\/div>\n\t\t\t\t\t<\/div>\n\t\t<\/div>\n\t\t\t\t\t<\/div>\n\t\t<\/section>\n\t\t\t\t<section class=\"elementor-section elementor-top-section elementor-element elementor-element-cabdb8c elementor-section-boxed elementor-section-height-default elementor-section-height-default\" data-id=\"cabdb8c\" data-element_type=\"section\">\n\t\t\t\t\t\t<div class=\"elementor-container elementor-column-gap-default\">\n\t\t\t\t\t<div class=\"aux-parallax-section elementor-column elementor-col-100 elementor-top-column elementor-element elementor-element-b1f86e5\" data-id=\"b1f86e5\" data-element_type=\"column\">\n\t\t\t<div class=\"elementor-widget-wrap elementor-element-populated\">\n\t\t\t\t\t\t<div class=\"elementor-element elementor-element-c712651 aux-appear-watch-animation aux-slide-from-top elementor-widget elementor-widget-aux_modern_heading\" data-id=\"c712651\" data-element_type=\"widget\" data-widget_type=\"aux_modern_heading.default\">\n\t\t\t\t<div class=\"elementor-widget-container\">\n\t\t\t<section class=\"aux-widget-modern-heading\">\n            <div class=\"aux-widget-inner\"><h2 class=\"aux-modern-heading-primary\">Urheberangaben f\u00fcr Fotos\/Medien<\/h2><h4 class=\"aux-modern-heading-secondary\"><span class=\"aux-head-before\">Home<\/span><\/h4><div class=\"aux-modern-heading-description\"><ol>\n \t<li>Header Foto erstellt von <a href=\"https:\/\/www.freepik.com\/premium-photo\/young-people-putting-their-fists-together-as-symbol-unity-achievement-top-view-group-people-fist-bump-assemble-together-workplace-teamwork-concept-copy-space-middle_20305347.htm\" target=\"_blank\" rel=\"noopener\">prostock-studio from freepik<\/a><\/li>\n \t<li>Foto in \u00dcber uns Paragraph erstellt von <a href=\"https:\/\/www.pexels.com\/photo\/person-encoding-in-laptop-574071\/\" target=\"_blank\" rel=\"noopener\">Lukas from Pexels<\/a><\/li>\n \t<li>Daten-Abschnitt Hintergrundfoto erstellt von <a href=\"https:\/\/www.pexels.com\/photo\/people-near-table-3184639\/\" target=\"_blank\" rel=\"noopener\">fauxels from Pexels<\/a><\/li>\n \t<li>Call-to-Action Foto erstellt von <a href=\"https:\/\/www.shutterstock.com\/image-photo\/hands-businessmen-connect-gears-puzzle-on-1033846312\" target=\"_blank\" rel=\"noopener\">GAS-Photo from shutterstock<\/a><\/li>\n \t<li>Careers call-to-action section photo created by <a href=\"https:\/\/www.freepik.com\/free-photo\/business-job-interview-concept_1211574.htm#query=apply%20for%20a%20job&amp;position=27&amp;from_view=search&amp;track=ais\" target=\"_blank\" rel=\"noopener\">ijeab from Freepik<\/a><\/li>\n<\/ol><\/div><\/div>\n        <\/section>\t\t<\/div>\n\t\t\t\t<\/div>\n\t\t\t\t<div class=\"elementor-element elementor-element-d364c59 aux-appear-watch-animation aux-slide-from-top elementor-widget elementor-widget-aux_modern_heading\" data-id=\"d364c59\" data-element_type=\"widget\" data-widget_type=\"aux_modern_heading.default\">\n\t\t\t\t<div class=\"elementor-widget-container\">\n\t\t\t<section class=\"aux-widget-modern-heading\">\n            <div class=\"aux-widget-inner\"><h2 class=\"aux-modern-heading-primary\"><\/h2><h4 class=\"aux-modern-heading-secondary\"><span class=\"aux-head-before\">\u00dcber uns-Seite<\/span><\/h4><div class=\"aux-modern-heading-description\"><ol><li>Header Foto erstellt von <a href=\"https:\/\/elements.envato.com\/software-engineers-working-on-project-T9MJ7EW\" target=\"_blank\" rel=\"noopener\">nd3000\u00a0from Envato elements<\/a><\/li><li>Vision, Mission Foto erstellt von <a href=\"https:\/\/elements.envato.com\/teamwork-hands-business-motivation-and-success-wit-69H977L\" target=\"_blank\" rel=\"noopener\">YuriArcursPeopleimages\u00a0from Envato elements<\/a><\/li><\/ol><\/div><\/div>\n        <\/section>\t\t<\/div>\n\t\t\t\t<\/div>\n\t\t\t\t<div class=\"elementor-element elementor-element-7588bd4 aux-appear-watch-animation aux-slide-from-top elementor-widget elementor-widget-aux_modern_heading\" data-id=\"7588bd4\" data-element_type=\"widget\" data-widget_type=\"aux_modern_heading.default\">\n\t\t\t\t<div class=\"elementor-widget-container\">\n\t\t\t<section class=\"aux-widget-modern-heading\">\n            <div class=\"aux-widget-inner\"><h2 class=\"aux-modern-heading-primary\"><\/h2><h4 class=\"aux-modern-heading-secondary\"><span class=\"aux-head-before\">Dienstleistungen-Seiten<\/span><\/h4><div class=\"aux-modern-heading-description\"><ol><li>App-Entwicklung: Header-Foto erstellt von <a href=\"https:\/\/elements.envato.com\/designer-team-drawing-website-ux-app-development-a-U2FS6BY\" target=\"_blank\" rel=\"noopener\">AmnajKhetsamtip from Envato elements<\/a><\/li><li>Team-Erweiterung: Header-Foto erstellt von <a href=\"https:\/\/elements.envato.com\/team-of-business-people-working-together-in-the-me-M49GWWF\" target=\"_blank\" rel=\"noopener\">wichayada69\u00a0from Envato elements<\/a><\/li><li>Outstaffing Services: Header-Foto erstellt von <a href=\"https:\/\/elements.envato.com\/portrait-of-programmers-working-in-development-sof-PLVAGX2\" target=\"_blank\" rel=\"noopener\">nd3000 from Envato elements<\/a><\/li><\/ol><\/div><\/div>\n        <\/section>\t\t<\/div>\n\t\t\t\t<\/div>\n\t\t\t\t\t<\/div>\n\t\t<\/div>\n\t\t\t\t\t<\/div>\n\t\t<\/section>\n\t\t\t\t<section class=\"elementor-section elementor-top-section elementor-element elementor-element-493b6e2 elementor-section-full_width elementor-section-height-default elementor-section-height-default\" data-id=\"493b6e2\" data-element_type=\"section\" data-settings=\"{&quot;background_background&quot;:&quot;gradient&quot;}\">\n\t\t\t\t\t\t<div class=\"elementor-container elementor-column-gap-no\">\n\t\t\t\t\t<div class=\"aux-parallax-section elementor-column elementor-col-100 elementor-top-column elementor-element elementor-element-680d67e\" data-id=\"680d67e\" data-element_type=\"column\">\n\t\t\t<div class=\"elementor-widget-wrap elementor-element-populated\">\n\t\t\t\t\t\t<section class=\"elementor-section elementor-inner-section elementor-element elementor-element-1408226 elementor-section-content-middle elementor-section-full_width elementor-section-height-default elementor-section-height-default\" data-id=\"1408226\" data-element_type=\"section\">\n\t\t\t\t\t\t<div class=\"elementor-container elementor-column-gap-no\">\n\t\t\t\t\t<div class=\"aux-parallax-section elementor-column elementor-col-50 elementor-inner-column elementor-element elementor-element-dec7c94 elementor-invisible\" data-id=\"dec7c94\" data-element_type=\"column\" data-settings=\"{&quot;animation&quot;:&quot;fadeInLeft&quot;,&quot;background_background&quot;:&quot;classic&quot;}\">\n\t\t\t<div class=\"elementor-widget-wrap elementor-element-populated\">\n\t\t\t\t\t\t<div class=\"elementor-element elementor-element-640ae15 aux-appear-watch-animation aux-slide-from-top elementor-widget__width-initial elementor-widget elementor-widget-aux_modern_heading\" data-id=\"640ae15\" data-element_type=\"widget\" data-widget_type=\"aux_modern_heading.default\">\n\t\t\t\t<div class=\"elementor-widget-container\">\n\t\t\t<section class=\"aux-widget-modern-heading\">\n            <div class=\"aux-widget-inner\"><h2 class=\"aux-modern-heading-primary\">F\u00fcr Ihren Erfolg <br \/>gehen wir die <br \/>extra Meile.<\/h2><\/div>\n        <\/section>\t\t<\/div>\n\t\t\t\t<\/div>\n\t\t\t\t\t<\/div>\n\t\t<\/div>\n\t\t\t\t<div class=\"aux-parallax-section elementor-column elementor-col-50 elementor-inner-column elementor-element elementor-element-189f6d4 elementor-invisible\" data-id=\"189f6d4\" data-element_type=\"column\" data-settings=\"{&quot;background_background&quot;:&quot;classic&quot;,&quot;animation&quot;:&quot;fadeInRight&quot;}\">\n\t\t\t<div class=\"elementor-widget-wrap elementor-element-populated\">\n\t\t\t\t\t\t<div class=\"elementor-element elementor-element-b8bf7d8 aux-appear-watch-animation aux-slide-from-top elementor-widget elementor-widget-aux_modern_heading\" data-id=\"b8bf7d8\" data-element_type=\"widget\" data-widget_type=\"aux_modern_heading.default\">\n\t\t\t\t<div class=\"elementor-widget-container\">\n\t\t\t<section class=\"aux-widget-modern-heading\">\n            <div class=\"aux-widget-inner\"><h2 class=\"aux-modern-heading-primary\">Was k\u00f6nnen wir f\u00fcr Sie tun? Hier k\u00f6nnen Sie Kontakt aufnehmen.<\/h2><\/div>\n        <\/section>\t\t<\/div>\n\t\t\t\t<\/div>\n\t\t\t\t<div class=\"elementor-element elementor-element-a150040 elementor-widget elementor-widget-template\" data-id=\"a150040\" data-element_type=\"widget\" data-widget_type=\"template.default\">\n\t\t\t\t<div class=\"elementor-widget-container\">\n\t\t\t\t\t<div class=\"elementor-template\">\n\t\t\t\t\t<div data-elementor-type=\"section\" data-elementor-id=\"2741\" class=\"elementor elementor-2741\" data-elementor-post-type=\"elementor_library\">\n\t\t\t\t\t<section class=\"elementor-section elementor-top-section elementor-element elementor-element-2b44862 elementor-section-full_width elementor-section-height-default elementor-section-height-default\" data-id=\"2b44862\" data-element_type=\"section\">\n\t\t\t\t\t\t<div class=\"elementor-container elementor-column-gap-default\">\n\t\t\t\t\t<div class=\"aux-parallax-section elementor-column elementor-col-100 elementor-top-column elementor-element elementor-element-208cdaf\" data-id=\"208cdaf\" data-element_type=\"column\">\n\t\t\t<div class=\"elementor-widget-wrap elementor-element-populated\">\n\t\t\t\t\t\t<div class=\"elementor-element elementor-element-36cbf90 elementor-widget elementor-widget-aux_contact_form\" data-id=\"36cbf90\" data-element_type=\"widget\" data-widget_type=\"aux_contact_form.default\">\n\t\t\t\t<div class=\"elementor-widget-container\">\n\t\t\t<section class=\"widget-container aux-widget-contact-form aux-parent-auadb6cac7\">            <div class=\"aux-col-wrapper aux-no-gutter\">\n            <!-- @TODO - The output for element here -->\n\n            \n<div class=\"wpcf7 no-js\" id=\"wpcf7-f2488-o1\" lang=\"en-US\" dir=\"ltr\" data-wpcf7-id=\"2488\">\n<div class=\"screen-reader-response\"><p role=\"status\" aria-live=\"polite\" aria-atomic=\"true\"><\/p> <ul><\/ul><\/div>\n<form action=\"\/de\/wp-json\/wp\/v2\/pages\/2738#wpcf7-f2488-o1\" method=\"post\" class=\"wpcf7-form init\" aria-label=\"Contact form\" novalidate=\"novalidate\" data-status=\"init\" data-trp-original-action=\"\/de\/wp-json\/wp\/v2\/pages\/2738#wpcf7-f2488-o1\">\n<fieldset class=\"hidden-fields-container\"><input type=\"hidden\" name=\"_wpcf7\" value=\"2488\" \/><input type=\"hidden\" name=\"_wpcf7_version\" value=\"6.1.5\" \/><input type=\"hidden\" name=\"_wpcf7_locale\" value=\"en_US\" \/><input type=\"hidden\" name=\"_wpcf7_unit_tag\" value=\"wpcf7-f2488-o1\" \/><input type=\"hidden\" name=\"_wpcf7_container_post\" value=\"0\" \/><input type=\"hidden\" name=\"_wpcf7_posted_data_hash\" value=\"\" \/><input type=\"hidden\" name=\"_wpcf7_recaptcha_response\" value=\"\" \/>\n<\/fieldset>\n<div class=\"content-column one_third\">\n\t<div style=\"margin-right:15px;\">\n\t\t<p><label> Name<br \/>\n<span class=\"wpcf7-form-control-wrap\" data-name=\"your-name\"><input size=\"40\" maxlength=\"400\" class=\"wpcf7-form-control wpcf7-text wpcf7-validates-as-required\" aria-required=\"true\" aria-invalid=\"false\" value=\"\" type=\"text\" name=\"your-name\" \/><\/span> <\/label>\n\t\t<\/p>\n\t<\/div>\n<\/div>\n<div class=\"content-column one_third\">\n\t<div style=\"margin-right:15px;\">\n\t\t<p><label> Email Adresse<br \/>\n<span class=\"wpcf7-form-control-wrap\" data-name=\"your-email\"><input size=\"40\" maxlength=\"400\" class=\"wpcf7-form-control wpcf7-email wpcf7-validates-as-required wpcf7-text wpcf7-validates-as-email\" aria-required=\"true\" aria-invalid=\"false\" value=\"\" type=\"email\" name=\"your-email\" \/><\/span> <\/label>\n\t\t<\/p>\n\t<\/div>\n<\/div>\n<div class=\"content-column one_third last_column\">\n\t<p><label> Telefon-Nummer<br \/>\n<span class=\"wpcf7-form-control-wrap\" data-name=\"your-phone\"><input size=\"40\" maxlength=\"140\" minlength=\"10\" class=\"wpcf7-form-control wpcf7-phonetext wpcf7-validates-as-required wpcf7-text wpcf7-validates-as-phonetext\" aria-required=\"true\" aria-invalid=\"false\" value=\"\" type=\"text\" name=\"your-phone\" \/><input type=\"hidden\" name=\"your-phone-country-code\" class=\"wpcf7-phonetext-country-code\" \/><\/span> <\/label>\n\t<\/p>\n<\/div>\n<div class=\"clear_column\">\n<\/div>\n<div class=\"content-column\">\n\t<p><label> Betreff<br \/>\n<span class=\"wpcf7-form-control-wrap\" data-name=\"company-department\"><select class=\"wpcf7-form-control wpcf7-select wpcf7-validates-as-required\" aria-required=\"true\" aria-invalid=\"false\" name=\"company-department\"><option value=\"\">Bitte ausw\u00e4hlen<\/option><option value=\"Project Request\">Projekt-Anfrage<\/option><option value=\"Partnership proposal\">Partnerschaften<\/option><\/select><\/span><br \/>\n<\/label>\n\t<\/p>\n\t<p><label> Ihre Nachricht<br \/>\n<span class=\"wpcf7-form-control-wrap\" data-name=\"your-message\"><textarea cols=\"40\" rows=\"10\" maxlength=\"2000\" class=\"wpcf7-form-control wpcf7-textarea wpcf7-validates-as-required\" aria-required=\"true\" aria-invalid=\"false\" name=\"your-message\"><\/textarea><\/span> <\/label>\n\t<\/p>\n\t<p><input class=\"wpcf7-form-control wpcf7-submit has-spinner\" type=\"submit\" value=\"absenden\" \/>\n\t<\/p>\n<\/div><div class=\"wpcf7-response-output\" aria-hidden=\"true\"><\/div>\n<input type=\"hidden\" name=\"trp-form-language\" value=\"de\"\/><\/form>\n<\/div>\n\n\n            <\/div><!-- aux-col-wrapper -->\n    <\/section><!-- widget-container -->\t\t<\/div>\n\t\t\t\t<\/div>\n\t\t\t\t\t<\/div>\n\t\t<\/div>\n\t\t\t\t\t<\/div>\n\t\t<\/section>\n\t\t\t\t<\/div>\n\t\t\t\t<\/div>\n\t\t\t\t<\/div>\n\t\t\t\t<\/div>\n\t\t\t\t\t<\/div>\n\t\t<\/div>\n\t\t\t\t\t<\/div>\n\t\t<\/section>\n\t\t\t\t\t<\/div>\n\t\t<\/div>\n\t\t\t\t\t<\/div>\n\t\t<\/section>\n\t\t\t\t<\/div>","protected":false},"excerpt":{"rendered":"<p>Pharos Solutions GmbH Legal Notice Auf dem Graben 2171111 Waldenbuch Phone: +49 711 219 526 35Email: info@pharos-solutions.de Registernumber: HRB764150 (Amtsgericht Stuttgart)USt-Id Nr.: DE278839627 CEO: Dipl.rer.pol.techn.Katrin Gaedke-Weberru\u00df Liability for references and links When referring or linking to other websites Pharos Solutions is not responsible for the correctness of those pages, the content is not ours. Pharos [&hellip;]<\/p>","protected":false},"author":1,"featured_media":0,"parent":0,"menu_order":0,"comment_status":"closed","ping_status":"closed","template":"elementor_header_footer","meta":{"_acf_changed":false,"content-type":"","_monsterinsights_skip_tracking":false,"_monsterinsights_sitenote_active":false,"_monsterinsights_sitenote_note":"","_monsterinsights_sitenote_category":0,"footnotes":""},"class_list":["post-2738","page","type-page","status-publish","hentry"],"acf":[],"aioseo_notices":[],"_links":{"self":[{"href":"https:\/\/pharos-solutions.de\/de\/wp-json\/wp\/v2\/pages\/2738","targetHints":{"allow":["GET"]}}],"collection":[{"href":"https:\/\/pharos-solutions.de\/de\/wp-json\/wp\/v2\/pages"}],"about":[{"href":"https:\/\/pharos-solutions.de\/de\/wp-json\/wp\/v2\/types\/page"}],"author":[{"embeddable":true,"href":"https:\/\/pharos-solutions.de\/de\/wp-json\/wp\/v2\/users\/1"}],"replies":[{"embeddable":true,"href":"https:\/\/pharos-solutions.de\/de\/wp-json\/wp\/v2\/comments?post=2738"}],"version-history":[{"count":133,"href":"https:\/\/pharos-solutions.de\/de\/wp-json\/wp\/v2\/pages\/2738\/revisions"}],"predecessor-version":[{"id":8064,"href":"https:\/\/pharos-solutions.de\/de\/wp-json\/wp\/v2\/pages\/2738\/revisions\/8064"}],"wp:attachment":[{"href":"https:\/\/pharos-solutions.de\/de\/wp-json\/wp\/v2\/media?parent=2738"}],"curies":[{"name":"wp","href":"https:\/\/api.w.org\/{rel}","templated":true}]}}